{"id":37,"date":"2026-01-29T02:28:21","date_gmt":"2026-01-29T02:28:21","guid":{"rendered":"https:\/\/martinaturalhealth.com\/?page_id=37"},"modified":"2026-02-13T03:26:31","modified_gmt":"2026-02-13T03:26:31","slug":"about-martina","status":"publish","type":"page","link":"https:\/\/martinaturalhealth.com\/es\/about-martina\/","title":{"rendered":"About martina"},"content":{"rendered":"<div data-elementor-type=\"wp-page\" data-elementor-id=\"37\" class=\"elementor elementor-37\" data-elementor-post-type=\"page\">\n\t\t\t\t<div class=\"elementor-element elementor-element-35b938a e-flex e-con-boxed e-con e-parent\" data-id=\"35b938a\" data-element_type=\"container\" data-e-type=\"container\" data-settings=\"{&quot;background_background&quot;:&quot;classic&quot;}\">\n\t\t\t\t\t<div class=\"e-con-inner\">\n\t\t<div class=\"elementor-element elementor-element-fed5bf4 e-con-full e-flex e-con e-child\" data-id=\"fed5bf4\" data-element_type=\"container\" data-e-type=\"container\" data-settings=\"{&quot;background_background&quot;:&quot;classic&quot;}\">\n\t\t\t\t<div class=\"elementor-element elementor-element-119f919 elementor-widget elementor-widget-text-editor\" data-id=\"119f919\" data-element_type=\"widget\" data-e-type=\"widget\" data-widget_type=\"text-editor.default\">\n\t\t\t\t\t\t\t\t\t<p class=\"translation-block\">Hola, soy Martina, m\u00e9dica formada en la Universidad de Buenos Aires (UBA), Argentina. Tambi\u00e9n cuento con un diploma en Nutrition Therapy del College of Naturopathic Medicine (CNM), el principal instituto de naturopat\u00eda del Reino Unido. Estoy registrada en el General Naturopathic Council (GNC) y soy miembro de la Association of Naturopathic Practitioners (ANP).\nMi formaci\u00f3n m\u00e9dica me brinda una base cient\u00edfica s\u00f3lida, que integro de manera consciente en mi pr\u00e1ctica naturop\u00e1tica y nutricional para ofrecer un enfoque integral de la salud y el bienestar, basado en la evidencia.<\/p><p class=\"translation-block\">Desde muy joven sent\u00ed curiosidad por comprender c\u00f3mo funciona el cuerpo y qu\u00e9 sostiene realmente la salud a largo plazo. Durante mis estudios y mi pr\u00e1ctica m\u00e9dica, comprend\u00ed que los tratamientos convencionales por s\u00ed solos muchas veces no alcanzan para resolver diversas condiciones de salud. Esto despert\u00f3 en m\u00ed un inter\u00e9s m\u00e1s profundo por abordar las causas de fondo de la enfermedad y acompa\u00f1ar al organismo de manera m\u00e1s completa. Descubrir los enfoques integrativos y naturop\u00e1ticos fue una extensi\u00f3n natural de esa b\u00fasqueda, y me permiti\u00f3 ofrecer un acompa\u00f1amiento m\u00e1s significativo a mis pacientes.<\/p><p class=\"translation-block\">En una consulta conmigo, pod\u00e9s esperar un espacio cercano y seguro, donde tus inquietudes son escuchadas, tu salud se explora en profundidad y se proponen estrategias personalizadas y pr\u00e1cticas. Mi objetivo es acompa\u00f1arte con claridad y cuidado, para que puedas avanzar hacia una mejor salud de una manera sostenible y alineada con vos.<\/p>\t\t\t\t\t\t\t\t<\/div>\n\t\t\t\t<\/div>\n\t\t<div class=\"elementor-element elementor-element-0860838 e-con-full e-flex e-con e-child\" data-id=\"0860838\" data-element_type=\"container\" data-e-type=\"container\" data-settings=\"{&quot;background_background&quot;:&quot;classic&quot;}\">\n\t\t\t\t<\/div>\n\t\t\t\t\t<\/div>\n\t\t\t\t<\/div>\n\t\t\t\t<\/div>","protected":false},"excerpt":{"rendered":"<p>Hello, I\u2019m Martina, a qualified medical doctor who studied Medicine at the University of Buenos Aires (UBA), Argentina. I also hold a diploma in Nutrition Therapy from the College of Naturopathic Medicine (CNM), the UK\u2019s leading naturopathic college. I am registered with the General Naturopathic Council (GNC) and a member of the Association of Naturopathic [&hellip;]<\/p>\n","protected":false},"author":1,"featured_media":0,"parent":0,"menu_order":0,"comment_status":"closed","ping_status":"closed","template":"","meta":{"footnotes":""},"class_list":["post-37","page","type-page","status-publish","hentry"],"_links":{"self":[{"href":"https:\/\/martinaturalhealth.com\/es\/wp-json\/wp\/v2\/pages\/37","targetHints":{"allow":["GET"]}}],"collection":[{"href":"https:\/\/martinaturalhealth.com\/es\/wp-json\/wp\/v2\/pages"}],"about":[{"href":"https:\/\/martinaturalhealth.com\/es\/wp-json\/wp\/v2\/types\/page"}],"author":[{"embeddable":true,"href":"https:\/\/martinaturalhealth.com\/es\/wp-json\/wp\/v2\/users\/1"}],"replies":[{"embeddable":true,"href":"https:\/\/martinaturalhealth.com\/es\/wp-json\/wp\/v2\/comments?post=37"}],"version-history":[{"count":22,"href":"https:\/\/martinaturalhealth.com\/es\/wp-json\/wp\/v2\/pages\/37\/revisions"}],"predecessor-version":[{"id":231,"href":"https:\/\/martinaturalhealth.com\/es\/wp-json\/wp\/v2\/pages\/37\/revisions\/231"}],"wp:attachment":[{"href":"https:\/\/martinaturalhealth.com\/es\/wp-json\/wp\/v2\/media?parent=37"}],"curies":[{"name":"wp","href":"https:\/\/api.w.org\/{rel}","templated":true}]}}