{"id":48,"date":"2026-01-29T02:54:03","date_gmt":"2026-01-29T02:54:03","guid":{"rendered":"https:\/\/martinaturalhealth.com\/?page_id=48"},"modified":"2026-02-19T13:42:01","modified_gmt":"2026-02-19T13:42:01","slug":"services","status":"publish","type":"page","link":"https:\/\/martinaturalhealth.com\/es\/services\/","title":{"rendered":"Servicios"},"content":{"rendered":"<div data-elementor-type=\"wp-page\" data-elementor-id=\"48\" class=\"elementor elementor-48\" data-elementor-post-type=\"page\">\n\t\t\t\t<div class=\"elementor-element elementor-element-696434b e-flex e-con-boxed e-con e-parent\" data-id=\"696434b\" data-element_type=\"container\" data-e-type=\"container\" data-settings=\"{&quot;background_background&quot;:&quot;classic&quot;}\">\n\t\t\t\t\t<div class=\"e-con-inner\">\n\t\t\t\t<div class=\"elementor-element elementor-element-c014dbd elementor-widget elementor-widget-heading\" data-id=\"c014dbd\" data-element_type=\"widget\" data-e-type=\"widget\" data-widget_type=\"heading.default\">\n\t\t\t\t\t<h2 class=\"elementor-heading-title elementor-size-default\">Servicios<\/h2>\t\t\t\t<\/div>\n\t\t\t\t\t<\/div>\n\t\t\t\t<\/div>\n\t\t<div class=\"elementor-element elementor-element-b450d43 e-flex e-con-boxed e-con e-parent\" data-id=\"b450d43\" data-element_type=\"container\" data-e-type=\"container\" data-settings=\"{&quot;background_background&quot;:&quot;classic&quot;}\">\n\t\t\t\t\t<div class=\"e-con-inner\">\n\t\t\t\t<div class=\"elementor-element elementor-element-243601f elementor-widget elementor-widget-heading\" data-id=\"243601f\" data-element_type=\"widget\" data-e-type=\"widget\" data-widget_type=\"heading.default\">\n\t\t\t\t\t<h2 class=\"elementor-heading-title elementor-size-default\">Consultas y programas<\/h2>\t\t\t\t<\/div>\n\t\t\t\t\t<\/div>\n\t\t\t\t<\/div>\n\t\t<div class=\"elementor-element elementor-element-59ad0c7 e-grid e-con-boxed e-con e-parent\" data-id=\"59ad0c7\" data-element_type=\"container\" data-e-type=\"container\">\n\t\t\t\t\t<div class=\"e-con-inner\">\n\t\t<div class=\"elementor-element elementor-element-7e5b8f4 e-con-full e-flex elementor-invisible e-con e-child\" data-id=\"7e5b8f4\" data-element_type=\"container\" data-e-type=\"container\" data-settings=\"{&quot;animation&quot;:&quot;fadeInUp&quot;}\">\n\t\t\t\t<div class=\"elementor-element elementor-element-ec5e3c4 elementor-widget elementor-widget-heading\" data-id=\"ec5e3c4\" data-element_type=\"widget\" data-e-type=\"widget\" data-widget_type=\"heading.default\">\n\t\t\t\t\t<h2 class=\"elementor-heading-title elementor-size-default\">Llamada inicial <\/h2>\t\t\t\t<\/div>\n\t\t\t\t<div class=\"elementor-element elementor-element-799461e elementor-widget elementor-widget-text-editor\" data-id=\"799461e\" data-element_type=\"widget\" data-e-type=\"widget\" data-widget_type=\"text-editor.default\">\n\t\t\t\t\t\t\t\t\t<p><span style=\"font-weight: 400;\">15 minutos | Online o por tel\u00e9fono | Gratuita<\/span><\/p><p><span style=\"font-weight: 400;\">Esta llamada inicial gratuita de 15 minutos es una oportunidad para conversar brevemente sobre tus objetivos de salud, conocer c\u00f3mo trabajo y evaluar si mi enfoque es adecuado para vos. Tambi\u00e9n te permitir\u00e1 hacer preguntas antes de reservar una consulta completa.<\/span><\/p>\t\t\t\t\t\t\t\t<\/div>\n\t\t\t\t<\/div>\n\t\t<div class=\"elementor-element elementor-element-90adc54 e-con-full e-flex elementor-invisible e-con e-child\" data-id=\"90adc54\" data-element_type=\"container\" data-e-type=\"container\" data-settings=\"{&quot;animation&quot;:&quot;fadeInUp&quot;,&quot;animation_delay&quot;:200}\">\n\t\t\t\t<div class=\"elementor-element elementor-element-8b39da0 elementor-widget elementor-widget-heading\" data-id=\"8b39da0\" data-element_type=\"widget\" data-e-type=\"widget\" data-widget_type=\"heading.default\">\n\t\t\t\t\t<h2 class=\"elementor-heading-title elementor-size-default\">Consulta Inicial<\/h2>\t\t\t\t<\/div>\n\t\t\t\t<div class=\"elementor-element elementor-element-9d1894d elementor-widget elementor-widget-text-editor\" data-id=\"9d1894d\" data-element_type=\"widget\" data-e-type=\"widget\" data-widget_type=\"text-editor.default\">\n\t\t\t\t\t\t\t\t\t<p><span style=\"font-weight: 400;\">Online o presencial<\/span><\/p><p><span style=\"font-weight: 400;\">\u00a3150 (aprox. \u20ac175 \/ $190) | 90 minutos<\/span><\/p><p><span style=\"font-weight: 400;\">Esta consulta ofrece una visi\u00f3n integral de tu salud y bienestar. Antes de la cita, completar\u00e1s un cuestionario de salud y un registro de alimentaci\u00f3n, que ser\u00e1n revisados y comentados durante la sesi\u00f3n.<\/span><\/p><p><span style=\"font-weight: 400;\">En la consulta se exploran tus antecedentes de salud, tus preocupaciones actuales, tu alimentaci\u00f3n y tu estilo de vida. Despu\u00e9s de la sesi\u00f3n, se elabora un plan personalizado orientado a acompa\u00f1ar tus necesidades individuales y tus objetivos de salud.<\/span><\/p>\t\t\t\t\t\t\t\t<\/div>\n\t\t\t\t<\/div>\n\t\t<div class=\"elementor-element elementor-element-397f1dc e-con-full e-flex elementor-invisible e-con e-child\" data-id=\"397f1dc\" data-element_type=\"container\" data-e-type=\"container\" data-settings=\"{&quot;animation&quot;:&quot;fadeInUp&quot;,&quot;animation_delay&quot;:400}\">\n\t\t\t\t<div class=\"elementor-element elementor-element-570ca14 elementor-widget elementor-widget-heading\" data-id=\"570ca14\" data-element_type=\"widget\" data-e-type=\"widget\" data-widget_type=\"heading.default\">\n\t\t\t\t\t<h2 class=\"elementor-heading-title elementor-size-default\">Consulta de seguimiento<\/h2>\t\t\t\t<\/div>\n\t\t\t\t<div class=\"elementor-element elementor-element-39f2da4 elementor-widget elementor-widget-text-editor\" data-id=\"39f2da4\" data-element_type=\"widget\" data-e-type=\"widget\" data-widget_type=\"text-editor.default\">\n\t\t\t\t\t\t\t\t\t<p><span style=\"font-weight: 400;\">Online o presencial<\/span><\/p><p><span style=\"font-weight: 400;\">\u00a385 (aprox. \u20ac100 \/ $110) | 45 minutos<\/span><\/p><p><span style=\"font-weight: 400;\">Las consultas de seguimiento son una parte fundamental de tu proceso. Generalmente se programan entre 4 y 6 semanas despu\u00e9s de la consulta inicial y ofrecen un espacio para revisar tu evoluci\u00f3n, observar c\u00f3mo est\u00e1 respondiendo tu cuerpo y resolver cualquier duda o inquietud.\nTu plan personalizado se ajusta seg\u00fan sea necesario, incorporando recomendaciones nutricionales y de estilo de vida adaptadas a vos, para acompa\u00f1ar una mejora continua, mayor equilibrio y bienestar a largo plazo.<\/span><\/p>\t\t\t\t\t\t\t\t<\/div>\n\t\t\t\t<\/div>\n\t\t\t\t\t<\/div>\n\t\t\t\t<\/div>\n\t\t<div class=\"elementor-element elementor-element-0e8c23e e-flex e-con-boxed e-con e-parent\" data-id=\"0e8c23e\" data-element_type=\"container\" data-e-type=\"container\">\n\t\t\t\t\t<div class=\"e-con-inner\">\n\t\t\t\t<div class=\"elementor-element elementor-element-152dceb elementor-widget elementor-widget-heading\" data-id=\"152dceb\" data-element_type=\"widget\" data-e-type=\"widget\" data-widget_type=\"heading.default\">\n\t\t\t\t\t<h2 class=\"elementor-heading-title elementor-size-default\">PROGRAMAS <\/h2>\t\t\t\t<\/div>\n\t\t\t\t\t<\/div>\n\t\t\t\t<\/div>\n\t\t<div class=\"elementor-element elementor-element-b065d21 e-grid e-con-boxed e-con e-parent\" data-id=\"b065d21\" data-element_type=\"container\" data-e-type=\"container\">\n\t\t\t\t\t<div class=\"e-con-inner\">\n\t\t<div class=\"elementor-element elementor-element-332f89e e-con-full e-flex elementor-invisible e-con e-child\" data-id=\"332f89e\" data-element_type=\"container\" data-e-type=\"container\" data-settings=\"{&quot;animation&quot;:&quot;fadeInUp&quot;}\">\n\t\t\t\t<div class=\"elementor-element elementor-element-74f6b3e elementor-widget elementor-widget-heading\" data-id=\"74f6b3e\" data-element_type=\"widget\" data-e-type=\"widget\" data-widget_type=\"heading.default\">\n\t\t\t\t\t<h2 class=\"elementor-heading-title elementor-size-default\">Starter Pack<\/h2>\t\t\t\t<\/div>\n\t\t\t\t<div class=\"elementor-element elementor-element-0cc0c67 elementor-widget elementor-widget-text-editor\" data-id=\"0cc0c67\" data-element_type=\"widget\" data-e-type=\"widget\" data-widget_type=\"text-editor.default\">\n\t\t\t\t\t\t\t\t\t<p><span style=\"font-weight: 400;\">\u00a3210<\/span><\/p><ul><li style=\"font-weight: 400;\" aria-level=\"1\"><span style=\"font-weight: 400;\">Consulta inicial (90 minutos)<\/span><\/li><li style=\"font-weight: 400;\" aria-level=\"1\"><span style=\"font-weight: 400;\">1 consulta de seguimiento (a las 4\u20136 semanas)<\/span><\/li><\/ul>\t\t\t\t\t\t\t\t<\/div>\n\t\t\t\t<\/div>\n\t\t<div class=\"elementor-element elementor-element-47881a9 e-con-full e-flex elementor-invisible e-con e-child\" data-id=\"47881a9\" data-element_type=\"container\" data-e-type=\"container\" data-settings=\"{&quot;animation&quot;:&quot;fadeInUp&quot;,&quot;animation_delay&quot;:200}\">\n\t\t\t\t<div class=\"elementor-element elementor-element-dd973db elementor-widget elementor-widget-heading\" data-id=\"dd973db\" data-element_type=\"widget\" data-e-type=\"widget\" data-widget_type=\"heading.default\">\n\t\t\t\t\t<h2 class=\"elementor-heading-title elementor-size-default\">Transformation Pack \u2013 3 Months<\/h2>\t\t\t\t<\/div>\n\t\t\t\t<div class=\"elementor-element elementor-element-74883eb elementor-widget elementor-widget-text-editor\" data-id=\"74883eb\" data-element_type=\"widget\" data-e-type=\"widget\" data-widget_type=\"text-editor.default\">\n\t\t\t\t\t\t\t\t\t<p><span style=\"font-weight: 400;\">\u00a3350<\/span><\/p><ul><li style=\"font-weight: 400;\" aria-level=\"1\"><span style=\"font-weight: 400;\">Consulta inicial<\/span><\/li><li style=\"font-weight: 400;\" aria-level=\"1\"><span style=\"font-weight: 400;\">2 consultas de seguimiento<\/span><\/li><li style=\"font-weight: 400;\" aria-level=\"1\"><span style=\"font-weight: 400;\">Acompa\u00f1amiento por email entre sesiones<\/span><\/li><\/ul>\t\t\t\t\t\t\t\t<\/div>\n\t\t\t\t<\/div>\n\t\t<div class=\"elementor-element elementor-element-8225941 e-con-full e-flex elementor-invisible e-con e-child\" data-id=\"8225941\" data-element_type=\"container\" data-e-type=\"container\" data-settings=\"{&quot;animation&quot;:&quot;fadeInUp&quot;,&quot;animation_delay&quot;:400}\">\n\t\t\t\t<div class=\"elementor-element elementor-element-f40de9c elementor-widget elementor-widget-heading\" data-id=\"f40de9c\" data-element_type=\"widget\" data-e-type=\"widget\" data-widget_type=\"heading.default\">\n\t\t\t\t\t<h2 class=\"elementor-heading-title elementor-size-default\">Premium Pack \u2013 6 Months<\/h2>\t\t\t\t<\/div>\n\t\t\t\t<div class=\"elementor-element elementor-element-2a393c6 elementor-widget elementor-widget-text-editor\" data-id=\"2a393c6\" data-element_type=\"widget\" data-e-type=\"widget\" data-widget_type=\"text-editor.default\">\n\t\t\t\t\t\t\t\t\t<p><span style=\"font-weight: 400;\">\u00a3680<\/span><\/p><ul><li style=\"font-weight: 400;\" aria-level=\"1\"><span style=\"font-weight: 400;\">Consulta inicial<\/span><\/li><li style=\"font-weight: 400;\" aria-level=\"1\"><span style=\"font-weight: 400;\">5 consultas de seguimiento<\/span><\/li><li style=\"font-weight: 400;\" aria-level=\"1\"><span style=\"font-weight: 400;\">Acompa\u00f1amiento por email entre sesiones<\/span><\/li><\/ul>\t\t\t\t\t\t\t\t<\/div>\n\t\t\t\t<\/div>\n\t\t\t\t\t<\/div>\n\t\t\t\t<\/div>\n\t\t<div class=\"elementor-element elementor-element-47c7bd3 e-flex e-con-boxed e-con e-parent\" data-id=\"47c7bd3\" data-element_type=\"container\" data-e-type=\"container\">\n\t\t\t\t\t<div class=\"e-con-inner\">\n\t\t<div class=\"elementor-element elementor-element-9f017de e-con-full e-flex e-con e-child\" data-id=\"9f017de\" data-element_type=\"container\" data-e-type=\"container\" data-settings=\"{&quot;background_background&quot;:&quot;classic&quot;}\">\n\t\t\t\t<div class=\"elementor-element elementor-element-f3346b6 elementor-widget elementor-widget-heading\" data-id=\"f3346b6\" data-element_type=\"widget\" data-e-type=\"widget\" data-widget_type=\"heading.default\">\n\t\t\t\t\t<h2 class=\"elementor-heading-title elementor-size-default\">Todos los programas ofrecen un enfoque integral y personalizado, que incluye:<\/h2>\t\t\t\t<\/div>\n\t\t\t\t<div class=\"elementor-element elementor-element-d294c82 elementor-widget elementor-widget-text-editor\" data-id=\"d294c82\" data-element_type=\"widget\" data-e-type=\"widget\" data-widget_type=\"text-editor.default\">\n\t\t\t\t\t\t\t\t\t<ul><li style=\"font-weight: 400;\" aria-level=\"1\"><span style=\"font-weight: 400;\">Revisi\u00f3n cl\u00ednica del caso y consulta de 1,5 horas, adem\u00e1s de 60 minutos adicionales de trabajo preparatorio<\/span><\/li><li style=\"font-weight: 400;\" aria-level=\"1\"><span style=\"font-weight: 400;\">Plan personalizado de alimentaci\u00f3n y h\u00e1bitos de vida<\/span><\/li><li style=\"font-weight: 400;\" aria-level=\"1\"><span style=\"font-weight: 400;\">Recomendaciones de suplementaci\u00f3n cuando sea apropiado<\/span><\/li><li style=\"font-weight: 400;\" aria-level=\"1\" class=\"translation-block\">An\u00e1lisis e interpretaci\u00f3n de resultados de pruebas (los costes de los estudios no est\u00e1n incluidos y son abonados por el paciente por separado)<\/li><li style=\"font-weight: 400;\" aria-level=\"1\"><span style=\"font-weight: 400;\">Derivaci\u00f3n al m\u00e9dico de cabecera (GP) si es necesario<\/span><\/li><li style=\"font-weight: 400;\" aria-level=\"1\"><span style=\"font-weight: 400;\">Acompa\u00f1amiento por email para dudas espec\u00edficas<\/span><\/li><li style=\"font-weight: 400;\" aria-level=\"1\"><span style=\"font-weight: 400;\">Orientaci\u00f3n con recetas y planificaci\u00f3n de comidas cuando sea necesario<\/span><\/li><\/ul>\t\t\t\t\t\t\t\t<\/div>\n\t\t\t\t<\/div>\n\t\t\t\t\t<\/div>\n\t\t\t\t<\/div>\n\t\t\t\t<\/div>","protected":false},"excerpt":{"rendered":"<p>Services Consultations &amp; Packages: Discovery Call 15 minutes | Online or by phone | Free This complimentary 15-minute discovery call is an opportunity to briefly discuss your health goals, explore how I work, and assess whether my approach is the right fit for you. It also gives you the chance to ask any questions before [&hellip;]<\/p>\n","protected":false},"author":1,"featured_media":0,"parent":0,"menu_order":0,"comment_status":"closed","ping_status":"closed","template":"","meta":{"footnotes":""},"class_list":["post-48","page","type-page","status-publish","hentry"],"_links":{"self":[{"href":"https:\/\/martinaturalhealth.com\/es\/wp-json\/wp\/v2\/pages\/48","targetHints":{"allow":["GET"]}}],"collection":[{"href":"https:\/\/martinaturalhealth.com\/es\/wp-json\/wp\/v2\/pages"}],"about":[{"href":"https:\/\/martinaturalhealth.com\/es\/wp-json\/wp\/v2\/types\/page"}],"author":[{"embeddable":true,"href":"https:\/\/martinaturalhealth.com\/es\/wp-json\/wp\/v2\/users\/1"}],"replies":[{"embeddable":true,"href":"https:\/\/martinaturalhealth.com\/es\/wp-json\/wp\/v2\/comments?post=48"}],"version-history":[{"count":46,"href":"https:\/\/martinaturalhealth.com\/es\/wp-json\/wp\/v2\/pages\/48\/revisions"}],"predecessor-version":[{"id":332,"href":"https:\/\/martinaturalhealth.com\/es\/wp-json\/wp\/v2\/pages\/48\/revisions\/332"}],"wp:attachment":[{"href":"https:\/\/martinaturalhealth.com\/es\/wp-json\/wp\/v2\/media?parent=48"}],"curies":[{"name":"wp","href":"https:\/\/api.w.org\/{rel}","templated":true}]}}